{"id":6599,"date":"2017-07-05T13:10:46","date_gmt":"2017-07-05T11:10:46","guid":{"rendered":"https:\/\/chanic.complexe.foodle.co\/our-activities\/chanicequipments\/schoma\/"},"modified":"2026-03-17T00:05:00","modified_gmt":"2026-03-16T23:05:00","slug":"schoma","status":"publish","type":"page","link":"https:\/\/chanic.com\/en\/our-activities\/chanicequipments\/schoma\/","title":{"rendered":"Sch\u00f6ma"},"content":{"rendered":"<div id='av_section_1'  class='avia-section av-av_section-eb89abc38228390982ab77a91969e9e7 main_color avia-section-default avia-no-border-styling  avia-builder-el-0  el_before_av_layout_row  avia-builder-el-first  avia-bg-style-scroll container_wrap sidebar_right'  ><div class='container av-section-cont-open' ><main  role=\"main\" itemprop=\"mainContentOfPage\"  class='template-page content  av-content-small alpha units'><div class='post-entry post-entry-type-page post-entry-6599'><div class='entry-content-wrapper clearfix'>\n<div  class='avia-slideshow av-av_slideshow-daf95770d12e27d01fb8f98c16084b01 avia-slideshow-featured av_slideshow avia-fade-slider  avia-builder-el-1  avia-builder-el-no-sibling  av-slideshow-ui av-control-default av-slideshow-autoplay av-loop-endless av-loop-manual-endless av-default-height-applied avia-slideshow-1' data-slideshow-options=\"{&quot;animation&quot;:&quot;fade&quot;,&quot;autoplay&quot;:true,&quot;loop_autoplay&quot;:&quot;endless&quot;,&quot;interval&quot;:5,&quot;loop_manual&quot;:&quot;manual-endless&quot;,&quot;autoplay_stopper&quot;:false,&quot;noNavigation&quot;:false,&quot;bg_slider&quot;:false,&quot;keep_padding&quot;:false,&quot;hoverpause&quot;:false,&quot;show_slide_delay&quot;:0}\"  itemprop=\"image\" itemscope=\"itemscope\" itemtype=\"https:\/\/schema.org\/ImageObject\" ><ul class='avia-slideshow-inner ' style='padding-bottom: 28.666666666667%;'><li  class='avia-slideshow-slide av-av_slideshow-daf95770d12e27d01fb8f98c16084b01__0  slide-1 slide-odd'><div data-rel='slideshow-1' class='avia-slide-wrap '   ><img decoding=\"async\" fetchpriority=\"high\" class=\"wp-image-5400 avia-img-lazy-loading-not-5400\"  src=\"https:\/\/chanic.com\/wp-content\/uploads\/2017\/04\/CHANIMETAL-REHABILITATION-BALISEUR-1500x430.jpg\" width=\"1500\" height=\"430\" title='CHANIMETAL-REHABILITATION-SCALER' alt=''  itemprop=\"thumbnailUrl\"   \/><\/div><\/li><li  class='avia-slideshow-slide av-av_slideshow-daf95770d12e27d01fb8f98c16084b01__1  slide-2 slide-even'><div data-rel='slideshow-1' class='avia-slide-wrap '   ><img decoding=\"async\" fetchpriority=\"high\" class=\"wp-image-5401 avia-img-lazy-loading-not-5401\"  src=\"https:\/\/chanic.com\/wp-content\/uploads\/2017\/04\/CHANIMETAL-REHABILITATION-BATEAU-250-passagers-1500x430.jpg\" width=\"1500\" height=\"430\" title='CHANIMETAL-REHABILITATION-BOAT-250-passengers' alt=''  itemprop=\"thumbnailUrl\"   \/><\/div><\/li><li  class='avia-slideshow-slide av-av_slideshow-daf95770d12e27d01fb8f98c16084b01__2  slide-3 slide-odd'><div data-rel='slideshow-1' class='avia-slide-wrap '   ><img decoding=\"async\" fetchpriority=\"high\" class=\"wp-image-5402 avia-img-lazy-loading-not-5402\"  src=\"https:\/\/chanic.com\/wp-content\/uploads\/2017\/04\/CHANIMETAL-SLIP-WAY-1500x430.jpg\" width=\"1500\" height=\"430\" title='CHANIMETAL-SLIP-WAY' alt=''  itemprop=\"thumbnailUrl\"   \/><\/div><\/li><\/ul><div class='avia-slideshow-arrows avia-slideshow-controls' ><a href='#prev' class='prev-slide  avia-svg-icon avia-font-svg_entypo-fontello' data-av_svg_icon='left-open-big' data-av_iconset='svg_entypo-fontello' tabindex='-1' title=\"Previous\"><svg version=\"1.1\" xmlns=\"http:\/\/www.w3.org\/2000\/svg\" width=\"15\" height=\"32\" viewBox=\"0 0 15 32\" preserveAspectRatio=\"xMidYMid meet\" aria-labelledby='av-svg-title-1' aria-describedby='av-svg-desc-1' role=\"graphics-symbol\" aria-hidden=\"true\">\n<title id='av-svg-title-1'>Previous<\/title>\n<desc id='av-svg-desc-1'>Previous<\/desc>\n<path d=\"M14.464 27.84q0.832 0.832 0 1.536-0.832 0.832-1.536 0l-12.544-12.608q-0.768-0.768 0-1.6l12.544-12.608q0.704-0.832 1.536 0 0.832 0.704 0 1.536l-11.456 11.904z\"><\/path>\n<\/svg><span class='avia_hidden_link_text'>Previous<\/span><\/a><a href='#next' class='next-slide  avia-svg-icon avia-font-svg_entypo-fontello' data-av_svg_icon='right-open-big' data-av_iconset='svg_entypo-fontello' tabindex='-1' title=\"Next\"><svg version=\"1.1\" xmlns=\"http:\/\/www.w3.org\/2000\/svg\" width=\"15\" height=\"32\" viewBox=\"0 0 15 32\" preserveAspectRatio=\"xMidYMid meet\" aria-labelledby='av-svg-title-2' aria-describedby='av-svg-desc-2' role=\"graphics-symbol\" aria-hidden=\"true\">\n<title id='av-svg-title-2'>Next<\/title>\n<desc id='av-svg-desc-2'>Next<\/desc>\n<path d=\"M0.416 27.84l11.456-11.84-11.456-11.904q-0.832-0.832 0-1.536 0.832-0.832 1.536 0l12.544 12.608q0.768 0.832 0 1.6l-12.544 12.608q-0.704 0.832-1.536 0-0.832-0.704 0-1.536z\"><\/path>\n<\/svg><span class='avia_hidden_link_text'>Next<\/span><\/a><\/div><div class='avia-slideshow-dots avia-slideshow-controls'><a href='#1' class='goto-slide active' >1<\/a><a href='#2' class='goto-slide ' >2<\/a><a href='#3' class='goto-slide ' >3<\/a><\/div><\/div>\n\n<\/div><\/div><\/main><!-- close content main element --><\/div><\/div><div id='av-layout-grid-1'  class='av-layout-grid-container av-av_layout_row-42fd8630215aff1cfd8b45bb424676b3 entry-content-wrapper main_color av-flex-cells  avia-builder-el-2  el_after_av_section  avia-builder-el-last  grid-row-not-first  container_wrap sidebar_right'  >\n\n<style type=\"text\/css\" data-created_by=\"avia_inline_auto\" id=\"style-css-av-av_cell_three_fifth-269f4e0585c75119b74ae1ef54f7cc81\">\n.flex_cell.av-av_cell_three_fifth-269f4e0585c75119b74ae1ef54f7cc81{\nvertical-align:top;\n}\n.responsive #top #wrap_all .flex_cell.av-av_cell_three_fifth-269f4e0585c75119b74ae1ef54f7cc81{\npadding:0 0 30px 18% !important;\n}\n<\/style>\n<div class='flex_cell av-av_cell_three_fifth-269f4e0585c75119b74ae1ef54f7cc81 av-gridrow-cell av_three_fifth no_margin  avia-builder-el-3  el_before_av_cell_two_fifth  avia-builder-el-first  content-align-top'  ><div class='flex_cell_inner'><p>\n<style type=\"text\/css\" data-created_by=\"avia_inline_auto\" id=\"style-css-av-av_one_full-6126cab7d8fab8d08143dd2dacdf673c\">\n.flex_column.av-av_one_full-6126cab7d8fab8d08143dd2dacdf673c{\nborder-radius:0px 0px 0px 0px;\npadding:0px 0px 0px 0px;\n}\n<\/style>\n<div  class='flex_column av-av_one_full-6126cab7d8fab8d08143dd2dacdf673c av_one_full  avia-builder-el-4  el_before_av_textblock  avia-builder-el-first  first flex_column_div av-zero-column-padding  '     ><p>\n<style type=\"text\/css\" data-created_by=\"avia_inline_auto\" id=\"style-css-av-av_heading-555f8a539b4c5b88b18475ca3c49289c\">\n#top .av-special-heading.av-av_heading-555f8a539b4c5b88b18475ca3c49289c{\npadding-bottom:10px;\n}\nbody .av-special-heading.av-av_heading-555f8a539b4c5b88b18475ca3c49289c .av-special-heading-tag .heading-char{\nfont-size:25px;\n}\n.av-special-heading.av-av_heading-555f8a539b4c5b88b18475ca3c49289c .av-subheading{\nfont-size:15px;\n}\n<\/style>\n<div  class='av-special-heading av-av_heading-555f8a539b4c5b88b18475ca3c49289c av-special-heading-h2 blockquote modern-quote  avia-builder-el-5  el_before_av_textblock  avia-builder-el-first '><h2 class='av-special-heading-tag '  itemprop=\"headline\"  >Sch\u00f6ma<\/h2><div class=\"special-heading-border\"><div class=\"special-heading-inner-border\"><\/div><\/div><\/div><br \/>\n<section  class='av_textblock_section av-av_textblock-396ddf1f42196ca838231e61a4602801 '   itemscope=\"itemscope\" itemtype=\"https:\/\/schema.org\/CreativeWork\" ><div class='avia_textblock'  itemprop=\"text\" ><p style=\"text-align: justify\">Sp\u00e9cialiste et leader des locomotives pour voies \u00e9troites, locomotives industrielles et touristiques. Du sur mesures pour r\u00e9pondre exactement \u00e0 vos besoins. Repr\u00e9sent\u00e9 en RDC par le GROUPE CHANIC depuis plusieurs dizaines d&#8217;ann\u00e9es.<\/p>\n<\/div><\/section><\/p><\/div><section  class='av_textblock_section av-l64y7uyy-9299b6694b12c7014989c623db086419 '   itemscope=\"itemscope\" itemtype=\"https:\/\/schema.org\/CreativeWork\" ><div class='avia_textblock'  itemprop=\"text\" ><p>To learn more\u00a0:<\/p>\n<\/div><\/section><br \/>\n\n<style type=\"text\/css\" data-created_by=\"avia_inline_auto\" id=\"style-css-av-l64y8c1j-5aecef54836d095515acf16b68c39ba3\">\n.avia-image-container.av-l64y8c1j-5aecef54836d095515acf16b68c39ba3 img.avia_image{\nbox-shadow:none;\n}\n.avia-image-container.av-l64y8c1j-5aecef54836d095515acf16b68c39ba3 .av-image-caption-overlay-center{\ncolor:#ffffff;\n}\n<\/style>\n<div  class='avia-image-container av-l64y8c1j-5aecef54836d095515acf16b68c39ba3 av-styling- av-img-linked avia-align-center  avia-builder-el-8  el_after_av_textblock  avia-builder-el-last '   itemprop=\"image\" itemscope=\"itemscope\" itemtype=\"https:\/\/schema.org\/ImageObject\" ><div class=\"avia-image-container-inner\"><div class=\"avia-image-overlay-wrap\"><a href=\"http:\/\/www.schoema.de\" class='avia_image '  target=\"_blank\"  rel=\"noopener noreferrer\" aria-label='schoma-lokomotiven-chanic'><img decoding=\"async\" fetchpriority=\"high\" class='wp-image-5462 avia-img-lazy-loading-not-5462 avia_image ' src=\"https:\/\/chanic.com\/wp-content\/uploads\/2017\/07\/schoma-lokomotiven-chanic.jpg\" alt='' title='schoma-lokomotiven-chanic'  height=\"100\" width=\"220\"  itemprop=\"thumbnailUrl\"  \/><\/a><\/div><\/div><\/div><\/p>\n<\/div><\/div>\n<style type=\"text\/css\" data-created_by=\"avia_inline_auto\" id=\"style-css-av-av_cell_two_fifth-3b0ec4df7f5b8bb89dcde775840145e2\">\n.flex_cell.av-av_cell_two_fifth-3b0ec4df7f5b8bb89dcde775840145e2{\nvertical-align:top;\n}\n.responsive #top #wrap_all .flex_cell.av-av_cell_two_fifth-3b0ec4df7f5b8bb89dcde775840145e2{\npadding:0 18% 30px 4% !important;\n}\n<\/style>\n<div class='flex_cell av-av_cell_two_fifth-3b0ec4df7f5b8bb89dcde775840145e2 av-gridrow-cell av_two_fifth no_margin  avia-builder-el-9  el_after_av_cell_three_fifth  avia-builder-el-last  content-align-top'  ><div class='flex_cell_inner'><p>\n<style type=\"text\/css\" data-created_by=\"avia_inline_auto\" id=\"style-css-av-av_one_full-fc2cba079658a8a04119096cf3d163f7\">\n.flex_column.av-av_one_full-fc2cba079658a8a04119096cf3d163f7{\nborder-width:1px;\nborder-color:#416f31;\nborder-style:solid;\nborder-radius:5px 5px 5px 5px;\npadding:15px 20px 15px 20px;\nbackground-color:rgba(247,242,190,0.14);\n}\n<\/style>\n<div  class='flex_column av-av_one_full-fc2cba079658a8a04119096cf3d163f7 av_one_full  avia-builder-el-10  el_before_av_one_full  avia-builder-el-first  first flex_column_div  '     ><p>\n<style type=\"text\/css\" data-created_by=\"avia_inline_auto\" id=\"style-css-av-av_heading-cf73faaf65cb516d762304461a00b3ba\">\n#top .av-special-heading.av-av_heading-cf73faaf65cb516d762304461a00b3ba{\npadding-bottom:10px;\n}\nbody .av-special-heading.av-av_heading-cf73faaf65cb516d762304461a00b3ba .av-special-heading-tag .heading-char{\nfont-size:25px;\n}\n.av-special-heading.av-av_heading-cf73faaf65cb516d762304461a00b3ba .av-subheading{\nfont-size:15px;\n}\n<\/style>\n<div  class='av-special-heading av-av_heading-cf73faaf65cb516d762304461a00b3ba av-special-heading-h3 blockquote modern-quote  avia-builder-el-11  el_before_av_postslider  avia-builder-el-first '><h3 class='av-special-heading-tag '  itemprop=\"headline\"  >News<\/h3><div class=\"special-heading-border\"><div class=\"special-heading-inner-border\"><\/div><\/div><\/div><br \/>\n<\/p><\/div>\n<style type=\"text\/css\" data-created_by=\"avia_inline_auto\" id=\"style-css-av-av_one_full-fc2cba079658a8a04119096cf3d163f7\">\n.flex_column.av-av_one_full-fc2cba079658a8a04119096cf3d163f7{\nborder-width:1px;\nborder-color:#416f31;\nborder-style:solid;\nborder-radius:5px 5px 5px 5px;\npadding:15px 20px 15px 20px;\nbackground-color:rgba(247,242,190,0.14);\n}\n<\/style>\n<div  class='flex_column av-av_one_full-fc2cba079658a8a04119096cf3d163f7 av_one_full  avia-builder-el-13  el_after_av_one_full  avia-builder-el-last  first flex_column_div  column-top-margin'     ><p>\n<style type=\"text\/css\" data-created_by=\"avia_inline_auto\" id=\"style-css-av-av_heading-6d452870e5a7337408f66977702d7d9e\">\n#top .av-special-heading.av-av_heading-6d452870e5a7337408f66977702d7d9e{\npadding-bottom:10px;\n}\nbody .av-special-heading.av-av_heading-6d452870e5a7337408f66977702d7d9e .av-special-heading-tag .heading-char{\nfont-size:25px;\n}\n.av-special-heading.av-av_heading-6d452870e5a7337408f66977702d7d9e .av-subheading{\nfont-size:15px;\n}\n<\/style>\n<div  class='av-special-heading av-av_heading-6d452870e5a7337408f66977702d7d9e av-special-heading-h3 blockquote modern-quote  avia-builder-el-14  el_before_av_image  avia-builder-el-first '><h3 class='av-special-heading-tag '  itemprop=\"headline\"  >Congo river level<\/h3><div class=\"special-heading-border\"><div class=\"special-heading-inner-border\"><\/div><\/div><\/div><br \/>\n\n<style type=\"text\/css\" data-created_by=\"avia_inline_auto\" id=\"style-css-av-l64y8rpe-4bac21defca14538446a2dc9358ee741\">\n.avia-image-container.av-l64y8rpe-4bac21defca14538446a2dc9358ee741 img.avia_image{\nbox-shadow:none;\n}\n.avia-image-container.av-l64y8rpe-4bac21defca14538446a2dc9358ee741 .av-image-caption-overlay-center{\ncolor:#ffffff;\n}\n<\/style>\n<div  class='avia-image-container av-l64y8rpe-4bac21defca14538446a2dc9358ee741 av-styling- av-img-linked avia-align-center  avia-builder-el-15  el_after_av_heading  avia-builder-el-last '   itemprop=\"image\" itemscope=\"itemscope\" itemtype=\"https:\/\/schema.org\/ImageObject\" ><div class=\"avia-image-container-inner\"><div class=\"avia-image-overlay-wrap\"><a href=\"https:\/\/chanic.com\/en\/congo-river-level\/\" class='avia_image '  aria-label='Level-Graph'><img decoding=\"async\" fetchpriority=\"high\" class='wp-image-5421 avia-img-lazy-loading-not-5421 avia_image ' src=\"https:\/\/chanic.com\/wp-content\/uploads\/2017\/04\/Niveau-Fleuve-graph.jpg\" alt='' title='Level-Graph'  height=\"332\" width=\"500\"  itemprop=\"thumbnailUrl\" srcset=\"https:\/\/chanic.com\/wp-content\/uploads\/2017\/04\/Niveau-Fleuve-graph.jpg 500w, https:\/\/chanic.com\/wp-content\/uploads\/2017\/04\/Niveau-Fleuve-graph-300x199.jpg 300w\" sizes=\"(max-width: 500px) 100vw, 500px\" \/><\/a><\/div><\/div><\/div><\/p><\/div><\/p>\n<\/div><\/div><\/div>\n","protected":false},"excerpt":{"rendered":"","protected":false},"author":54,"featured_media":0,"parent":6589,"menu_order":0,"comment_status":"closed","ping_status":"open","template":"","meta":{"_exactmetrics_skip_tracking":false,"_exactmetrics_sitenote_active":false,"_exactmetrics_sitenote_note":"","_exactmetrics_sitenote_category":0,"footnotes":""},"class_list":["post-6599","page","type-page","status-publish","hentry"],"yoast_head":"<!-- This site is optimized with the Yoast SEO plugin v27.3 - https:\/\/yoast.com\/product\/yoast-seo-wordpress\/ -->\n<title>Sch\u00f6ma - Chanic<\/title>\n<meta name=\"robots\" content=\"index, follow, max-snippet:-1, max-image-preview:large, max-video-preview:-1\" \/>\n<link rel=\"canonical\" href=\"https:\/\/chanic.com\/en\/our-activities\/chanicequipments\/schoma\/\" \/>\n<meta property=\"og:locale\" content=\"en_US\" \/>\n<meta property=\"og:type\" content=\"article\" \/>\n<meta property=\"og:title\" content=\"Sch\u00f6ma - Chanic\" \/>\n<meta property=\"og:url\" content=\"https:\/\/chanic.com\/en\/our-activities\/chanicequipments\/schoma\/\" \/>\n<meta property=\"og:site_name\" content=\"Chanic\" \/>\n<meta property=\"article:modified_time\" content=\"2026-03-16T23:05:00+00:00\" \/>\n<meta name=\"twitter:card\" content=\"summary_large_image\" \/>\n<meta name=\"twitter:label1\" content=\"Est. reading time\" \/>\n\t<meta name=\"twitter:data1\" content=\"3 minutes\" \/>\n<script type=\"application\/ld+json\" class=\"yoast-schema-graph\">{\"@context\":\"https:\\\/\\\/schema.org\",\"@graph\":[{\"@type\":\"WebPage\",\"@id\":\"https:\\\/\\\/chanic.com\\\/en\\\/our-activities\\\/chanicequipments\\\/schoma\\\/\",\"url\":\"https:\\\/\\\/chanic.com\\\/en\\\/our-activities\\\/chanicequipments\\\/schoma\\\/\",\"name\":\"Sch\u00f6ma - Chanic\",\"isPartOf\":{\"@id\":\"https:\\\/\\\/chanic.com\\\/en\\\/#website\"},\"datePublished\":\"2017-07-05T11:10:46+00:00\",\"dateModified\":\"2026-03-16T23:05:00+00:00\",\"breadcrumb\":{\"@id\":\"https:\\\/\\\/chanic.com\\\/en\\\/our-activities\\\/chanicequipments\\\/schoma\\\/#breadcrumb\"},\"inLanguage\":\"en-US\",\"potentialAction\":[{\"@type\":\"ReadAction\",\"target\":[\"https:\\\/\\\/chanic.com\\\/en\\\/our-activities\\\/chanicequipments\\\/schoma\\\/\"]}]},{\"@type\":\"BreadcrumbList\",\"@id\":\"https:\\\/\\\/chanic.com\\\/en\\\/our-activities\\\/chanicequipments\\\/schoma\\\/#breadcrumb\",\"itemListElement\":[{\"@type\":\"ListItem\",\"position\":1,\"name\":\"Accueil\",\"item\":\"https:\\\/\\\/chanic.com\\\/en\\\/\"},{\"@type\":\"ListItem\",\"position\":2,\"name\":\"Our activities\",\"item\":\"https:\\\/\\\/chanic.com\\\/en\\\/our-activities\\\/\"},{\"@type\":\"ListItem\",\"position\":3,\"name\":\"Equipment Division\",\"item\":\"https:\\\/\\\/chanic.com\\\/en\\\/our-activities\\\/chanicequipments\\\/\"},{\"@type\":\"ListItem\",\"position\":4,\"name\":\"Sch\u00f6ma\"}]},{\"@type\":\"WebSite\",\"@id\":\"https:\\\/\\\/chanic.com\\\/en\\\/#website\",\"url\":\"https:\\\/\\\/chanic.com\\\/en\\\/\",\"name\":\"Chanic\",\"description\":\"\",\"potentialAction\":[{\"@type\":\"SearchAction\",\"target\":{\"@type\":\"EntryPoint\",\"urlTemplate\":\"https:\\\/\\\/chanic.com\\\/en\\\/?s={search_term_string}\"},\"query-input\":{\"@type\":\"PropertyValueSpecification\",\"valueRequired\":true,\"valueName\":\"search_term_string\"}}],\"inLanguage\":\"en-US\"}]}<\/script>\n<!-- \/ Yoast SEO plugin. -->","yoast_head_json":{"title":"Sch\u00f6ma - Chanic","robots":{"index":"index","follow":"follow","max-snippet":"max-snippet:-1","max-image-preview":"max-image-preview:large","max-video-preview":"max-video-preview:-1"},"canonical":"https:\/\/chanic.com\/en\/our-activities\/chanicequipments\/schoma\/","og_locale":"en_US","og_type":"article","og_title":"Sch\u00f6ma - Chanic","og_url":"https:\/\/chanic.com\/en\/our-activities\/chanicequipments\/schoma\/","og_site_name":"Chanic","article_modified_time":"2026-03-16T23:05:00+00:00","twitter_card":"summary_large_image","twitter_misc":{"Est. reading time":"3 minutes"},"schema":{"@context":"https:\/\/schema.org","@graph":[{"@type":"WebPage","@id":"https:\/\/chanic.com\/en\/our-activities\/chanicequipments\/schoma\/","url":"https:\/\/chanic.com\/en\/our-activities\/chanicequipments\/schoma\/","name":"Sch\u00f6ma - Chanic","isPartOf":{"@id":"https:\/\/chanic.com\/en\/#website"},"datePublished":"2017-07-05T11:10:46+00:00","dateModified":"2026-03-16T23:05:00+00:00","breadcrumb":{"@id":"https:\/\/chanic.com\/en\/our-activities\/chanicequipments\/schoma\/#breadcrumb"},"inLanguage":"en-US","potentialAction":[{"@type":"ReadAction","target":["https:\/\/chanic.com\/en\/our-activities\/chanicequipments\/schoma\/"]}]},{"@type":"BreadcrumbList","@id":"https:\/\/chanic.com\/en\/our-activities\/chanicequipments\/schoma\/#breadcrumb","itemListElement":[{"@type":"ListItem","position":1,"name":"Accueil","item":"https:\/\/chanic.com\/en\/"},{"@type":"ListItem","position":2,"name":"Our activities","item":"https:\/\/chanic.com\/en\/our-activities\/"},{"@type":"ListItem","position":3,"name":"Equipment Division","item":"https:\/\/chanic.com\/en\/our-activities\/chanicequipments\/"},{"@type":"ListItem","position":4,"name":"Sch\u00f6ma"}]},{"@type":"WebSite","@id":"https:\/\/chanic.com\/en\/#website","url":"https:\/\/chanic.com\/en\/","name":"Chanic","description":"","potentialAction":[{"@type":"SearchAction","target":{"@type":"EntryPoint","urlTemplate":"https:\/\/chanic.com\/en\/?s={search_term_string}"},"query-input":{"@type":"PropertyValueSpecification","valueRequired":true,"valueName":"search_term_string"}}],"inLanguage":"en-US"}]}},"publishpress_future_workflow_manual_trigger":{"enabledWorkflows":[]},"_links":{"self":[{"href":"https:\/\/chanic.com\/en\/wp-json\/wp\/v2\/pages\/6599","targetHints":{"allow":["GET"]}}],"collection":[{"href":"https:\/\/chanic.com\/en\/wp-json\/wp\/v2\/pages"}],"about":[{"href":"https:\/\/chanic.com\/en\/wp-json\/wp\/v2\/types\/page"}],"author":[{"embeddable":true,"href":"https:\/\/chanic.com\/en\/wp-json\/wp\/v2\/users\/54"}],"replies":[{"embeddable":true,"href":"https:\/\/chanic.com\/en\/wp-json\/wp\/v2\/comments?post=6599"}],"version-history":[{"count":12,"href":"https:\/\/chanic.com\/en\/wp-json\/wp\/v2\/pages\/6599\/revisions"}],"predecessor-version":[{"id":11898,"href":"https:\/\/chanic.com\/en\/wp-json\/wp\/v2\/pages\/6599\/revisions\/11898"}],"up":[{"embeddable":true,"href":"https:\/\/chanic.com\/en\/wp-json\/wp\/v2\/pages\/6589"}],"wp:attachment":[{"href":"https:\/\/chanic.com\/en\/wp-json\/wp\/v2\/media?parent=6599"}],"curies":[{"name":"wp","href":"https:\/\/api.w.org\/{rel}","templated":true}]}}